{"id":633,"date":"2022-04-19T22:49:34","date_gmt":"2022-04-19T22:49:34","guid":{"rendered":"https:\/\/llim.llull.cat\/privacy-policy\/"},"modified":"2022-04-20T10:36:30","modified_gmt":"2022-04-20T10:36:30","slug":"privacy-policy","status":"publish","type":"page","link":"https:\/\/llim.llull.cat\/en\/privacy-policy\/","title":{"rendered":"Privacy policy"},"content":{"rendered":"\n<div class=\"wp-block-columns is-layout-flex wp-container-core-columns-is-layout-9d6595d7 wp-block-columns-is-layout-flex\">\n<div class=\"wp-block-column is-layout-flow wp-block-column-is-layout-flow\" style=\"flex-basis:33.33%\">\n<p><\/p>\n<\/div>\n\n\n\n<div class=\"wp-block-column is-layout-flow wp-block-column-is-layout-flow\" style=\"flex-basis:66.66%\">\n<p>INFORMACI\u00d3 DETALLADA SOBRE TRACTAMENT DE DADES PERSONALS<\/p>\n\n\n\n<p>Aquesta \u00e9s la pol\u00edtica de protecci\u00f3 de dades de l\u2019Institut Ramon Llull. Fa refer\u00e8ncia a les dades de persones f\u00edsiques amb les que es relaciona en l\u2019exercici de les seves compet\u00e8ncies i funcions.. El tractament s\u2019efectua complint el Reglament General de Protecci\u00f3 de Dades (Reglament (UE) 2016\/679 del Parlament Europeu i del Consell, de 27 d&#8217;abril de 2016) i la normativa estatal sobre aquesta mat\u00e8ria.<\/p>\n<\/div>\n<\/div>\n\n<div class=\"wp-block-columns is-layout-flex wp-container-core-columns-is-layout-9d6595d7 wp-block-columns-is-layout-flex\">\n<div class=\"wp-block-column is-layout-flow wp-block-column-is-layout-flow\" style=\"flex-basis:33.33%\">\n<p>QUI \u00c9S EL RESPONSABLE DEL TRACTAMENT DE LES DADES PERSONALS?<\/p>\n<\/div>\n\n\n\n<div class=\"wp-block-column is-layout-flow wp-block-column-is-layout-flow\" style=\"flex-basis:66.66%\">\n<p>El responsable del tractament de les dades personals \u00e9s l\u2019Institut Ramon Llull (d&#8217;ara endavant, l\u2019Institut), amb CIF S0800063J i domicili a l\u2019Avinguda Diagonal, 373, Barcelona (CP 08008), <a href=\"mailto:dpd@llull.cat\">dpd@llull.cat<\/a>, <a href=\"http:\/\/www.llull.cat\/\">www.llull.cat<\/a>.<\/p>\n<\/div>\n<\/div>\n\n<div class=\"wp-block-columns is-layout-flex wp-container-core-columns-is-layout-9d6595d7 wp-block-columns-is-layout-flex\">\n<div class=\"wp-block-column is-layout-flow wp-block-column-is-layout-flow\" style=\"flex-basis:33.33%\">\n<p>AMB QUINS CRITERIS TRACTEM LES DADES PERSONALS<\/p>\n<\/div>\n\n\n\n<div class=\"wp-block-column is-layout-flow wp-block-column-is-layout-flow\" style=\"flex-basis:66.66%\">\n<p>En el tractament de les dades assumim plenament els principis del Reglament General de Protecci\u00f3 de Dades.<\/p>\n\n\n\n<ul class=\"wp-block-list\"><li>a) Els tractem de manera l\u00edcita (\u00fanicament quan tenim una base legal que ens ho permet i amb transpar\u00e8ncia davant l\u2019interessat).<\/li><li>b) Els destinem a les finalitats determinades, expl\u00edcites i leg\u00edtimes que expliquem en el moment d\u2019obtenir-les. Posteriorment no els tractem de manera incompatible amb aquestes finalitats.<\/li><li>c) Tractem \u00fanicament les dades adequades, pertinents i limitades al que \u00e9s necessari en cada cas i per cada finalitat.<\/li><li>d) Ens esforcem perqu\u00e8 les dades estiguin actualitzades.<\/li><li>e) Els conservem durant el temps necessari, complint la normativa que regula la conservaci\u00f3 de la informaci\u00f3 p\u00fablica.<\/li><li>f) Apliquem les mesures t\u00e8cniques o organitzatives adequades per evitar el tractament no autoritzat o il\u00b7l\u00edcit, o la seva p\u00e8rdua, destrucci\u00f3 o dany accidental.<\/li><\/ul>\n<\/div>\n<\/div>\n\n<div class=\"wp-block-columns is-layout-flex wp-container-core-columns-is-layout-9d6595d7 wp-block-columns-is-layout-flex\">\n<div class=\"wp-block-column is-layout-flow wp-block-column-is-layout-flow\" style=\"flex-basis:33.33%\">\n<p>QUI \u00c9S EL DELEGAT DE PROTECCI\u00d3 DE DADES<\/p>\n<\/div>\n\n\n\n<div class=\"wp-block-column is-layout-flow wp-block-column-is-layout-flow\" style=\"flex-basis:66.66%\">\n<p>El Delegat de Protecci\u00f3 de Dades (DPD) \u00e9s la persona que supervisa el compliment de la pol\u00edtica de protecci\u00f3 de dades de l\u2019Institut, vetllant perqu\u00e8 es tractin adequadament les dades personals i es protegeixin els drets de les persones. Entre les seves funcions figura la d\u2019atendre qualsevol dubte, suggeriment, queixa o reclamaci\u00f3 de les persones de qui es tracten dades. Es pot contactar amb el delegat de Protecci\u00f3 de Dades adre\u00e7ant-se per escrit a l\u2019Avinguda Diagonal, 373, Barcelona (CP 08008), tel. 934678000 o a l\u2019adre\u00e7a electr\u00f2nica dpd@llull.cat.<\/p>\n<\/div>\n<\/div>\n\n<div class=\"wp-block-columns is-layout-flex wp-container-core-columns-is-layout-9d6595d7 wp-block-columns-is-layout-flex\">\n<div class=\"wp-block-column is-layout-flow wp-block-column-is-layout-flow\" style=\"flex-basis:33.33%\">\n<p>AMB QUINA FINALITAT TRACTEM LES DADES I A QUI ELS COMUNIQUEM<\/p>\n<\/div>\n\n\n\n<div class=\"wp-block-column is-layout-flow wp-block-column-is-layout-flow\" style=\"flex-basis:66.66%\">\n<p>L\u2019Institut tracta les dades per a exercir les seves compet\u00e8ncies i funcions. Els serveis de l\u2019Institut es descriuen a la seva web i a la seva seu electr\u00f2nica. Una descripci\u00f3 completa dels tractaments i de les finalitats a les que es destinen les dades figura al Registre de les Activitats de Tractament consultable al <a href=\"https:\/\/www.llull.cat\/catala\/quisom\/portal_transparencia.cfm\">portal de la transpar\u00e8ncia<\/a><\/p>\n\n\n\n<p>Procediments administratius i tr\u00e0mits<br\/>En base a les sol\u00b7licituds de les persones interessades, utilitzem les seves dades per seguir la tramitaci\u00f3 pr\u00f2pia de cada tr\u00e0mit. El cat\u00e0leg de tr\u00e0mits i el procediment que es segueix es pot consultar a la <a href=\"https:\/\/www.llull.cat\/catala\/seu_e\/tramits_serveis.cfm\">seu electr\u00f2nica<\/a>. Segons el procediment les dades es poden comunicar a altres administracions competents en la mat\u00e8ria. En alguns casos han de ser objecte de publicaci\u00f3 en compliment del principi de transpar\u00e8ncia.<\/p>\n\n\n\n<p>Serveis<br\/>Per a la prestaci\u00f3 dels serveis tractem les dades aportades per les persones benefici\u00e0ries o b\u00e9 les que hem obtingut d\u2019altres administracions. Oferir aquests serveis comporta sovint fer-ne un seguiment i obtenir noves dades de les persones que en s\u00f3n usu\u00e0ries. Els serveis que ofereix l\u2019 Institut es poden consultar a la <a href=\"https:\/\/www.llull.cat\/catala\/recursos\/recursos.cfm\">p\u00e0gina web<\/a>. Com a criteri general les dades no es comuniquen a altres persones sense el consentiment expl\u00edcit de l\u2019usuari del servei.<\/p>\n\n\n\n<p>Activitats<br\/>En la coorganitzaci\u00f3 d\u2019activitats amb altres entitats o organismes rebem dades de les persones que s\u2019hi inscriuen, a fi i efecte d\u2019organitzar l\u2019activitat. Com a criteri general les dades no es comuniquen a altres persones sense el consentiment expl\u00edcit de la persona que participa en l\u2019activitat.<\/p>\n\n\n\n<p>Contacte<br\/>Atenem les consultes de les persones que utilitzen els formularis de contacte de la nostra p\u00e0gina web. Les dades s\u2019utilitzen \u00fanicament per aquesta finalitat i no es comuniquen a altres persones<\/p>\n\n\n\n<p>Selecci\u00f3 de personal<br\/>Rebem curr\u00edculums vitae i convoquem processos de selecci\u00f3 de personal. Les dades aportades per la persones interessades permeten avaluar els m\u00e8rits i analitzar l\u2019adequaci\u00f3 del perfil dels candidats en funci\u00f3 dels llocs vacants o de nova creaci\u00f3. No es comuniquen a altres persones<\/p>\n\n\n\n<p>Enviament d\u2019informaci\u00f3<br\/>Amb l\u2019autoritzaci\u00f3 expl\u00edcita de cada persona utilitzem les dades de contacte que ens ha proporcionat per informar de les nostres iniciatives, serveis o activitats. Ho fem per diferents canals en funci\u00f3 de com ho ha autoritzat cada persona. No es comuniquen a altres persones sense el seu consentiment.<\/p>\n\n\n\n<p>Gesti\u00f3 de les dades dels nostres prove\u00efdors<br\/>Registrem i tractem les dades dels prove\u00efdors de qui obtenim serveis o b\u00e9ns. Poden ser les dades de persones que actuen com a aut\u00f2noms i tamb\u00e9 dades de representants de persones jur\u00eddiques. Obtenim les dades imprescindibles per mantenir la relaci\u00f3 comercial i els destinem \u00fanicament a aquesta finalitat. En compliment d\u2019obligacions legals (normativa fiscal) comuniquem dades a l\u2019administraci\u00f3 tribut\u00e0ria.<\/p>\n<\/div>\n<\/div>\n\n<div class=\"wp-block-columns is-layout-flex wp-container-core-columns-is-layout-9d6595d7 wp-block-columns-is-layout-flex\">\n<div class=\"wp-block-column is-layout-flow wp-block-column-is-layout-flow\" style=\"flex-basis:33.33%\">\n<p>QUINA \u00c9S LA LEGITIMACI\u00d3 LEGAL PER AL TRACTAMENT DE LES DADES<\/p>\n<\/div>\n\n\n\n<div class=\"wp-block-column is-layout-flow wp-block-column-is-layout-flow\" style=\"flex-basis:66.66%\">\n<p>Els tractaments de dades que portem a terme tenen diferents fonaments legals, segons la naturalesa de cada tractament.<\/p>\n\n\n\n<p>Compliment d\u2019obligacions legals<br\/>Els tractaments de les dades en el context de procediments administratius s\u2019efectua seguint les normes reguladores de cada un dels procediments. Es porta a terme en compliment d\u2019obligacions legals.<\/p>\n\n\n\n<p>Complir missi\u00f3 en inter\u00e8s p\u00fablic<br\/>Els tractaments resultants de la prestaci\u00f3 dels nostres serveis t\u00e9 la seva justificaci\u00f3 en satisfer l\u2019inter\u00e8s p\u00fablic.<\/p>\n\n\n\n<p>Compliment d\u2019una relaci\u00f3 contractual o precontractual<br\/>Tractem les dades dels nostres prove\u00efdors seguint la normativa de contractaci\u00f3 pr\u00f2pia del sector p\u00fablic, en el grau i amb l\u2019abast necessari per al desenvolupament de la relaci\u00f3 contractual. En un altre sentit, per\u00f2 tamb\u00e9 en el marc de relacions contractuals o precontractual, tractem dades de persones que participen en processos selectius o que s\u2019incorporen a la nostra instituci\u00f3.<\/p>\n\n\n\n<p>En base al consentiment<br\/>Quan fem enviaments d\u2019informaci\u00f3 de les nostres iniciatives, serveis o activitats tractem les dades de contacte dels receptors amb la seva autoritzaci\u00f3 o consentiment expl\u00edcit.<\/p>\n<\/div>\n<\/div>\n\n<div class=\"wp-block-columns is-layout-flex wp-container-core-columns-is-layout-9d6595d7 wp-block-columns-is-layout-flex\">\n<div class=\"wp-block-column is-layout-flow wp-block-column-is-layout-flow\" style=\"flex-basis:33.33%\">\n<p>QUANT DE TEMPS CONSERVEM LES DADES<\/p>\n<\/div>\n\n\n\n<div class=\"wp-block-column is-layout-flow wp-block-column-is-layout-flow\" style=\"flex-basis:66.66%\">\n<p>El temps de conservaci\u00f3 de les dades ve determinat per diferents factors, principalment el fet que les dades segueixin essent necess\u00e0ries per atendre les finalitats per a les quals hagin estat recollides en cada cas. En segon lloc es conserven per fer front a possibles responsabilitats pel tractament de les dades per part de l\u2019Institut, i per atendre qualsevol requeriment d\u2019altres administracions p\u00fabliques o \u00f2rgans judicials.<\/p>\n\n\n\n<p>En conseq\u00fc\u00e8ncia les dades s\u2019han de conservar durant el temps necessari per preservar el seu valor legal o informatiu o per acreditar el compliment de les obligacions legals, per\u00f2 no per un per\u00edode superior al necessari d\u2019acord amb les finalitats del tractament.<\/p>\n\n\n\n<p>En determinats casos, com el de les dades que figuren en la documentaci\u00f3 comptable i la facturaci\u00f3, la normativa fiscal obliga a conservar-les fins que no prescriguin les responsabilitats en aquesta mat\u00e8ria.<\/p>\n\n\n\n<p>En el cas de les dades que es tracten exclusivament en base al consentiment de la persona interessada, es conserven fins que aquesta persona revoca aquest consentiment.<\/p>\n\n\n\n<p>La normativa reguladora de la conservaci\u00f3 de la documentaci\u00f3 p\u00fablica, i els dict\u00e0mens de la <a href=\"https:\/\/cultura.gencat.cat\/ca\/temes\/arxius-i-gestio-documental\/cnaatd\/\" target=\"_blank\" rel=\"noreferrer noopener\">Comissi\u00f3 Nacional d&#8217;Acc\u00e9s, Avaluaci\u00f3 i Tria Documental <\/a>s\u00f3n un referent determinen els criteris que seguim en la conservaci\u00f3 o eliminaci\u00f3 de les dades.<\/p>\n<\/div>\n<\/div>\n\n<div class=\"wp-block-columns is-layout-flex wp-container-core-columns-is-layout-9d6595d7 wp-block-columns-is-layout-flex\">\n<div class=\"wp-block-column is-layout-flow wp-block-column-is-layout-flow\" style=\"flex-basis:33.33%\">\n<p>QUINS DRETS TENEN LES PERSONES EN RELACI\u00d3 A LES DADES QUE TRACTEM<\/p>\n<\/div>\n\n\n\n<div class=\"wp-block-column is-layout-flow wp-block-column-is-layout-flow\" style=\"flex-basis:66.66%\">\n<p>Tal com preveu el Reglament General de Protecci\u00f3 de Dades, les persones de qui tractem dades tenen els drets seg\u00fcents:<\/p>\n\n\n\n<p>A saber si es tracten. Qualsevol persona t\u00e9, en primer lloc, dret a saber si tractem les seves dades, amb independ\u00e8ncia de si ha existit una relaci\u00f3 pr\u00e8via.<\/p>\n\n\n\n<p>A ser informat en la recollida. Quan les dades personals s\u2019obtenen del mateix interessat, en el moment de proporcionar-les ha de tenir informaci\u00f3 clara de les finalitats a les que es destinaran, de qui ser\u00e0 el responsable del tractament i dels principals aspectes derivats d\u2019aquest tractament.<\/p>\n\n\n\n<p>A accedir-hi. Dret molt ampli que inclou el de saber amb precisi\u00f3 quines dades personals s\u00f3n objecte de tractament, quina \u00e9s la finalitat per la que es tracten, les comunicacions a altres persones que se\u2019n faran (si \u00e9s el cas) o el dret a obtenir-ne c\u00f2pia o a saber el termini previst de conservaci\u00f3.<\/p>\n\n\n\n<p>A demanar-ne la rectificaci\u00f3. \u00c9s el dret a fer rectificar les dades inexactes que siguin objecte de tractament per part nostra.<\/p>\n\n\n\n<p>A demanar-ne la supressi\u00f3. En determinades circumst\u00e0ncies existeix el dret a demanar la supressi\u00f3 de les dades quan, entre altres motius, ja no siguin necess\u00e0ries per als fins per als quals van ser recollides i en van justificar el tractament.<\/p>\n\n\n\n<p>A demanar la limitaci\u00f3 del tractament.Tamb\u00e9 en determinades circumst\u00e0ncies es reconeix el dret a demanar la limitaci\u00f3 del tractament de les dades. En aquest cas deixaran de ser tractades i nom\u00e9s es conservaran per a l&#8217;exercici o la defensa de reclamacions, d\u2019acord amb el Reglament General de Protecci\u00f3 de Dades.<\/p>\n\n\n\n<p>A la portabilitat. En els casos previstos a la normativa es reconeix el dret a obtenir les dades personals pr\u00f2pies en un format estructurat d&#8217;\u00fas com\u00fa llegible per m\u00e0quina, i a transmetre-les a un altre responsable del tractament si aix\u00ed ho decideix la persona interessada.<\/p>\n\n\n\n<p>A oposar-se al tractament. Una persona pot adduir motius relacionats amb la seva situaci\u00f3 particular, motius que comportaran que deixin de tractar-se les seves dades en el grau o mesura que li pugui comportar un perjudici, excepte per motius leg\u00edtims o l&#8217;exercici o defensa davant reclamacions.<\/p>\n\n\n\n<p>A no rebre informaci\u00f3. Atenem immediatament les peticions de no seguir rebent informaci\u00f3 de les nostres activitats i serveis, quan aquests enviaments es fonamentaven \u00fanicament en el consentiment de la persona que n\u2019\u00e9s receptora.<\/p>\n<\/div>\n<\/div>\n\n<div class=\"wp-block-columns is-layout-flex wp-container-core-columns-is-layout-9d6595d7 wp-block-columns-is-layout-flex\">\n<div class=\"wp-block-column is-layout-flow wp-block-column-is-layout-flow\" style=\"flex-basis:33.33%\">\n<p>COM ES PODEN EXERCIR O DEFENSAR ELS DRETS<\/p>\n<\/div>\n\n\n\n<div class=\"wp-block-column is-layout-flow wp-block-column-is-layout-flow\" style=\"flex-basis:66.66%\">\n<p>Els drets que acabem d\u2019enumerar es poden exercir adre\u00e7ant una sol\u00b7licitud a l\u2019Institut a l\u2019adre\u00e7a postal o a les altres dades de contacte indicades a l\u2019encap\u00e7alament.<\/p>\n\n\n\n<p>Si no s\u2019ha obtingut resposta satisfact\u00f2ria en l\u2019exercici dels drets \u00e9s possible presentar una reclamaci\u00f3 davant l\u2019Autoritat Catalana de Protecci\u00f3 de Dades, per mitj\u00e0 dels formularis o altres canals accessibles des de la seva web (www.apd.cat).<\/p>\n\n\n\n<p>En tots els casos, ja sigui per presentar reclamacions, demanar aclariments o fer arribar suggeriments, \u00e9s possible adre\u00e7ar-se al Delegat de Protecci\u00f3 de Dades mitjan\u00e7ant missatge de correu electr\u00f2nic a l\u2019adre\u00e7a dpd@llull.cat<\/p>\n<\/div>\n<\/div>\n","protected":false},"excerpt":{"rendered":"<p>INFORMACI\u00d3 DETALLADA SOBRE TRACTAMENT DE DADES PERSONALS Aquesta \u00e9s la pol\u00edtica de protecci\u00f3 de dades de l\u2019Institut Ramon Llull. Fa refer\u00e8ncia a les dades de persones f\u00edsiques amb les que es relaciona en l\u2019exercici de les seves compet\u00e8ncies i funcions.. El tractament s\u2019efectua complint el Reglament General de Protecci\u00f3 de Dades (Reglament (UE) 2016\/679 del [&hellip;]<\/p>\n","protected":false},"author":1,"featured_media":0,"parent":0,"menu_order":0,"comment_status":"closed","ping_status":"open","template":"","meta":{"_acf_changed":false,"footnotes":""},"class_list":["post-633","page","type-page","status-publish","hentry"],"acf":[],"yoast_head":"<!-- This site is optimized with the Yoast SEO plugin v27.3 - https:\/\/yoast.com\/product\/yoast-seo-wordpress\/ -->\n<title>Privacy policy \u00b7 CATALONIA IN VENICE An organism by Lara Fluxa\u0300 curated by Oriol Fontdevila<\/title>\n<meta name=\"robots\" content=\"index, follow, max-snippet:-1, max-image-preview:large, max-video-preview:-1\" \/>\n<link rel=\"canonical\" href=\"https:\/\/llim.llull.cat\/privacy-policy\/\" \/>\n<meta property=\"og:locale\" content=\"en_US\" \/>\n<meta property=\"og:type\" content=\"article\" \/>\n<meta property=\"og:title\" content=\"Privacy policy \u00b7 CATALONIA IN VENICE An organism by Lara Fluxa\u0300 curated by Oriol Fontdevila\" \/>\n<meta property=\"og:description\" content=\"INFORMACI\u00d3 DETALLADA SOBRE TRACTAMENT DE DADES PERSONALS Aquesta \u00e9s la pol\u00edtica de protecci\u00f3 de dades de l\u2019Institut Ramon Llull. Fa refer\u00e8ncia a les dades de persones f\u00edsiques amb les que es relaciona en l\u2019exercici de les seves compet\u00e8ncies i funcions.. El tractament s\u2019efectua complint el Reglament General de Protecci\u00f3 de Dades (Reglament (UE) 2016\/679 del [&hellip;]\" \/>\n<meta property=\"og:url\" content=\"https:\/\/llim.llull.cat\/privacy-policy\/\" \/>\n<meta property=\"og:site_name\" content=\"Llim\" \/>\n<meta property=\"article:modified_time\" content=\"2022-04-20T10:36:30+00:00\" \/>\n<meta property=\"og:image\" content=\"https:\/\/llim.llull.cat\/wp-content\/uploads\/Llim-coming-soon-desktop.jpg\" \/>\n\t<meta property=\"og:image:width\" content=\"2000\" \/>\n\t<meta property=\"og:image:height\" content=\"1200\" \/>\n\t<meta property=\"og:image:type\" content=\"image\/jpeg\" \/>\n<meta name=\"twitter:card\" content=\"summary_large_image\" \/>\n<meta name=\"twitter:label1\" content=\"Est. reading time\" \/>\n\t<meta name=\"twitter:data1\" content=\"9 minutes\" \/>\n<script type=\"application\/ld+json\" class=\"yoast-schema-graph\">{\"@context\":\"https:\\\/\\\/schema.org\",\"@graph\":[{\"@type\":\"WebPage\",\"@id\":\"https:\\\/\\\/llim.llull.cat\\\/privacy-policy\\\/\",\"url\":\"https:\\\/\\\/llim.llull.cat\\\/privacy-policy\\\/\",\"name\":\"Privacy policy \u00b7 CATALONIA IN VENICE An organism by Lara Fluxa\u0300 curated by Oriol Fontdevila\",\"isPartOf\":{\"@id\":\"https:\\\/\\\/llim.llull.cat\\\/#website\"},\"datePublished\":\"2022-04-19T22:49:34+00:00\",\"dateModified\":\"2022-04-20T10:36:30+00:00\",\"breadcrumb\":{\"@id\":\"https:\\\/\\\/llim.llull.cat\\\/privacy-policy\\\/#breadcrumb\"},\"inLanguage\":\"en-US\",\"potentialAction\":[{\"@type\":\"ReadAction\",\"target\":[\"https:\\\/\\\/llim.llull.cat\\\/privacy-policy\\\/\"]}]},{\"@type\":\"BreadcrumbList\",\"@id\":\"https:\\\/\\\/llim.llull.cat\\\/privacy-policy\\\/#breadcrumb\",\"itemListElement\":[{\"@type\":\"ListItem\",\"position\":1,\"name\":\"Home\",\"item\":\"https:\\\/\\\/llim.llull.cat\\\/\"},{\"@type\":\"ListItem\",\"position\":2,\"name\":\"Privacy policy\"}]},{\"@type\":\"WebSite\",\"@id\":\"https:\\\/\\\/llim.llull.cat\\\/#website\",\"url\":\"https:\\\/\\\/llim.llull.cat\\\/\",\"name\":\"Llim\",\"description\":\"CATALONIA IN VENICE An organism by Lara Fluxa\u0300 curated by Oriol Fontdevila\",\"publisher\":{\"@id\":\"https:\\\/\\\/llim.llull.cat\\\/#organization\"},\"potentialAction\":[{\"@type\":\"SearchAction\",\"target\":{\"@type\":\"EntryPoint\",\"urlTemplate\":\"https:\\\/\\\/llim.llull.cat\\\/?s={search_term_string}\"},\"query-input\":{\"@type\":\"PropertyValueSpecification\",\"valueRequired\":true,\"valueName\":\"search_term_string\"}}],\"inLanguage\":\"en-US\"},{\"@type\":\"Organization\",\"@id\":\"https:\\\/\\\/llim.llull.cat\\\/#organization\",\"name\":\"Institut Ramon Llull\",\"url\":\"https:\\\/\\\/llim.llull.cat\\\/\",\"logo\":{\"@type\":\"ImageObject\",\"inLanguage\":\"en-US\",\"@id\":\"https:\\\/\\\/llim.llull.cat\\\/#\\\/schema\\\/logo\\\/image\\\/\",\"url\":\"https:\\\/\\\/llim.llull.cat\\\/wp-content\\\/uploads\\\/Llim-coming-soon-desktop.jpg\",\"contentUrl\":\"https:\\\/\\\/llim.llull.cat\\\/wp-content\\\/uploads\\\/Llim-coming-soon-desktop.jpg\",\"width\":2000,\"height\":1200,\"caption\":\"Institut Ramon Llull\"},\"image\":{\"@id\":\"https:\\\/\\\/llim.llull.cat\\\/#\\\/schema\\\/logo\\\/image\\\/\"}}]}<\/script>\n<!-- \/ Yoast SEO plugin. -->","yoast_head_json":{"title":"Privacy policy \u00b7 CATALONIA IN VENICE An organism by Lara Fluxa\u0300 curated by Oriol Fontdevila","robots":{"index":"index","follow":"follow","max-snippet":"max-snippet:-1","max-image-preview":"max-image-preview:large","max-video-preview":"max-video-preview:-1"},"canonical":"https:\/\/llim.llull.cat\/privacy-policy\/","og_locale":"en_US","og_type":"article","og_title":"Privacy policy \u00b7 CATALONIA IN VENICE An organism by Lara Fluxa\u0300 curated by Oriol Fontdevila","og_description":"INFORMACI\u00d3 DETALLADA SOBRE TRACTAMENT DE DADES PERSONALS Aquesta \u00e9s la pol\u00edtica de protecci\u00f3 de dades de l\u2019Institut Ramon Llull. Fa refer\u00e8ncia a les dades de persones f\u00edsiques amb les que es relaciona en l\u2019exercici de les seves compet\u00e8ncies i funcions.. El tractament s\u2019efectua complint el Reglament General de Protecci\u00f3 de Dades (Reglament (UE) 2016\/679 del [&hellip;]","og_url":"https:\/\/llim.llull.cat\/privacy-policy\/","og_site_name":"Llim","article_modified_time":"2022-04-20T10:36:30+00:00","og_image":[{"width":2000,"height":1200,"url":"https:\/\/llim.llull.cat\/wp-content\/uploads\/Llim-coming-soon-desktop.jpg","type":"image\/jpeg"}],"twitter_card":"summary_large_image","twitter_misc":{"Est. reading time":"9 minutes"},"schema":{"@context":"https:\/\/schema.org","@graph":[{"@type":"WebPage","@id":"https:\/\/llim.llull.cat\/privacy-policy\/","url":"https:\/\/llim.llull.cat\/privacy-policy\/","name":"Privacy policy \u00b7 CATALONIA IN VENICE An organism by Lara Fluxa\u0300 curated by Oriol Fontdevila","isPartOf":{"@id":"https:\/\/llim.llull.cat\/#website"},"datePublished":"2022-04-19T22:49:34+00:00","dateModified":"2022-04-20T10:36:30+00:00","breadcrumb":{"@id":"https:\/\/llim.llull.cat\/privacy-policy\/#breadcrumb"},"inLanguage":"en-US","potentialAction":[{"@type":"ReadAction","target":["https:\/\/llim.llull.cat\/privacy-policy\/"]}]},{"@type":"BreadcrumbList","@id":"https:\/\/llim.llull.cat\/privacy-policy\/#breadcrumb","itemListElement":[{"@type":"ListItem","position":1,"name":"Home","item":"https:\/\/llim.llull.cat\/"},{"@type":"ListItem","position":2,"name":"Privacy policy"}]},{"@type":"WebSite","@id":"https:\/\/llim.llull.cat\/#website","url":"https:\/\/llim.llull.cat\/","name":"Llim","description":"CATALONIA IN VENICE An organism by Lara Fluxa\u0300 curated by Oriol Fontdevila","publisher":{"@id":"https:\/\/llim.llull.cat\/#organization"},"potentialAction":[{"@type":"SearchAction","target":{"@type":"EntryPoint","urlTemplate":"https:\/\/llim.llull.cat\/?s={search_term_string}"},"query-input":{"@type":"PropertyValueSpecification","valueRequired":true,"valueName":"search_term_string"}}],"inLanguage":"en-US"},{"@type":"Organization","@id":"https:\/\/llim.llull.cat\/#organization","name":"Institut Ramon Llull","url":"https:\/\/llim.llull.cat\/","logo":{"@type":"ImageObject","inLanguage":"en-US","@id":"https:\/\/llim.llull.cat\/#\/schema\/logo\/image\/","url":"https:\/\/llim.llull.cat\/wp-content\/uploads\/Llim-coming-soon-desktop.jpg","contentUrl":"https:\/\/llim.llull.cat\/wp-content\/uploads\/Llim-coming-soon-desktop.jpg","width":2000,"height":1200,"caption":"Institut Ramon Llull"},"image":{"@id":"https:\/\/llim.llull.cat\/#\/schema\/logo\/image\/"}}]}},"_links":{"self":[{"href":"https:\/\/llim.llull.cat\/en\/wp-json\/wp\/v2\/pages\/633","targetHints":{"allow":["GET"]}}],"collection":[{"href":"https:\/\/llim.llull.cat\/en\/wp-json\/wp\/v2\/pages"}],"about":[{"href":"https:\/\/llim.llull.cat\/en\/wp-json\/wp\/v2\/types\/page"}],"author":[{"embeddable":true,"href":"https:\/\/llim.llull.cat\/en\/wp-json\/wp\/v2\/users\/1"}],"replies":[{"embeddable":true,"href":"https:\/\/llim.llull.cat\/en\/wp-json\/wp\/v2\/comments?post=633"}],"version-history":[{"count":2,"href":"https:\/\/llim.llull.cat\/en\/wp-json\/wp\/v2\/pages\/633\/revisions"}],"predecessor-version":[{"id":797,"href":"https:\/\/llim.llull.cat\/en\/wp-json\/wp\/v2\/pages\/633\/revisions\/797"}],"wp:attachment":[{"href":"https:\/\/llim.llull.cat\/en\/wp-json\/wp\/v2\/media?parent=633"}],"curies":[{"name":"wp","href":"https:\/\/api.w.org\/{rel}","templated":true}]}}