{"id":628,"date":"2022-04-19T22:38:01","date_gmt":"2022-04-19T22:38:01","guid":{"rendered":"https:\/\/llim.llull.cat\/legal-note\/"},"modified":"2022-04-19T22:38:01","modified_gmt":"2022-04-19T22:38:01","slug":"legal-note","status":"publish","type":"page","link":"https:\/\/llim.llull.cat\/en\/legal-note\/","title":{"rendered":"Legal note"},"content":{"rendered":"\n<div class=\"wp-block-columns is-layout-flex wp-container-core-columns-is-layout-9d6595d7 wp-block-columns-is-layout-flex\">\n<div class=\"wp-block-column is-layout-flow wp-block-column-is-layout-flow\" style=\"flex-basis:33.33%\">\n<p>ABOUT COOKIES<\/p>\n<\/div>\n\n\n\n<div class=\"wp-block-column is-layout-flow wp-block-column-is-layout-flow\" style=\"flex-basis:66.66%\">\n<p>Cookies are small pieces of data that websites send to browsers and which are stored in users\u2019 devices: computers, mobile telephones, tablets, and so on. Their purpose is to improve the experience of using the website, as these archives make it possible for the website to remember information about the user\u2019s visits, such as preferred options or language. In this way the website personalizes its content and becomes more agile and useful for the user.  <\/p>\n\n\n\n<p>By browsing this website users agree to cookies being installed in their equipment that enable us to find out the following information:<\/p>\n\n\n\n<p>Types of <em>cookies<\/em><\/p>\n\n\n\n<p>This website uses session, or temporary, cookies and persistent cookies. Session cookies merely keep data while the user is visiting the website. Persistent cookies store the data on the device\u2019s hard drive so that it will be accessible in more than one session.  <\/p>\n\n\n\n<p>Depending on the type of data obtained the website can use:<\/p>\n\n\n\n<p>Technical <em>cookies<\/em>.<\/p>\n\n\n\n<p>These allow users to browse the webpage and use the different options or services it contains. For example, controlling data traffic and communication, identifying the session, entering restricted access areas, requesting enrolment or participation in an event, using security features while browsing and storing content. <\/p>\n\n\n\n<p>Personalization <em>cookies<\/em><\/p>\n\n\n\n<p>These allow users to access the website with some general characteristics that are either already predefined in their hard drive or defined by the user. For example, the language, the type of browser used to access the website, the chosen content design, the geo-location of the device or the regional configuration from where access takes place. <\/p>\n\n\n\n<p>Statistical analysis <em>cookies<\/em><\/p>\n\n\n\n<p>These make it possible to monitor and analyse the behaviour of visitors to the website. The information gathered is used to measure a website\u2019s activity and to produce users\u2019 browsing history, making it possible to improve the service. <\/p>\n\n\n\n<p>Third party <em>cookies<\/em><\/p>\n\n\n\n<p>Third party cookies that manage and improve the services offered can also be installed. For example, statistics services like Google Analytics.<\/p>\n\n\n\n<p>Managing the <em>cookies<\/em> in my browser<\/p>\n\n\n\n<p>Users can allow, block or erase the cookies installed in their device by configuring the browsing options.<\/p>\n\n\n\n<p>If the use of cookies in the browser is blocked, some services or functions of the webpage may not be available<\/p>\n<\/div>\n<\/div>\n\n<div class=\"wp-block-columns is-layout-flex wp-container-core-columns-is-layout-9d6595d7 wp-block-columns-is-layout-flex\">\n<div class=\"wp-block-column is-layout-flow wp-block-column-is-layout-flow\" style=\"flex-basis:33.33%\">\n<p>CONDITIONS OF USE<\/p>\n<\/div>\n\n\n\n<div class=\"wp-block-column is-layout-flow wp-block-column-is-layout-flow\" style=\"flex-basis:66.66%\">\n<p>The use of this website implies full acceptance of the terms and conditions of the current legal notice. Possible disputes relating to this website will be governed exclusively by Spanish state law. Every user of the website, regardless of the territorial jurisdiction from which they access the site, agrees to comply with and respect these clauses, expressly renouncing any other jurisdiction that may correspond to them.  <\/p>\n\n\n\n<p>El lloc web i els domini www.llull.cat, correspon a l\u2019Institut Ramon Llull, amb CIF S0800063J i domicili a l\u2019avinguda Diagonal n\u00fam. 373, de Barcelona (CP 08008), tel\u00e8fon +34 934 67 80 00, fax +34 934 67 80 06 i adre\u00e7a electr\u00f2nica info@llull.cat. <\/p>\n<\/div>\n<\/div>\n\n<div class=\"wp-block-columns is-layout-flex wp-container-core-columns-is-layout-9d6595d7 wp-block-columns-is-layout-flex\">\n<div class=\"wp-block-column is-layout-flow wp-block-column-is-layout-flow\" style=\"flex-basis:33.33%\">\n<p>RESPONSIBILITY FOR THE CONTENTS<\/p>\n<\/div>\n\n\n\n<div class=\"wp-block-column is-layout-flow wp-block-column-is-layout-flow\" style=\"flex-basis:66.66%\">\n<p>Although the Institut Ramon Llull acts with the greatest possible diligence, it may happen that some item of information is not completely up to date at the time the user of the website consults it.<\/p>\n\n\n\n<p>The Institut Ramon Llull reserves the right to modify unilaterally, at any time and without warning, the presentation, configuration and contents of the web.<\/p>\n\n\n\n<p>The Institut Ramon Llull will not be liable for any information that may be obtained through links included on the website.<\/p>\n<\/div>\n<\/div>\n\n<div class=\"wp-block-columns is-layout-flex wp-container-core-columns-is-layout-9d6595d7 wp-block-columns-is-layout-flex\">\n<div class=\"wp-block-column is-layout-flow wp-block-column-is-layout-flow\" style=\"flex-basis:33.33%\">\n<p>INTELLECTUAL AND INDUSTRIAL PROPERTY<\/p>\n<\/div>\n\n\n\n<div class=\"wp-block-column is-layout-flow wp-block-column-is-layout-flow\" style=\"flex-basis:66.66%\">\n<p>The text of the website of the Institut Ramon Llull may be used freely as per the terms and conditions of the Creative Commons \u2013 Attribution-ShareAlike 4.0 International licence (CC BY-SA 4.0). This licence doesn\u2019t apply in the case of texts for which the name of the author is included. For the use of these texts it is required to consult the Institut beforehand. <\/p>\n\n\n\n<p>Images (photographs and videos) published specifically as the property of the Institut Ramon Llull can be used freely as per the terms and conditions laid out within the Creative Commons \u2013 Attribution-ShareAlike 4.0 International licence (CC BY-SA 4.0). For the use of all other images you need permission from the holder of the rights. These are general criteria- Specific instructions may exist for certain content, which would prevail over these general criteria.   <\/p>\n\n\n\n<p>The logo of the Institut and all other identifying elements related to its services and activities may only be used with the prior permission of the Institut, or to identify activities or initiatives which the Institut supports.<\/p>\n<\/div>\n<\/div>\n","protected":false},"excerpt":{"rendered":"<p>ABOUT COOKIES Cookies are small pieces of data that websites send to browsers and which are stored in users\u2019 devices: computers, mobile telephones, tablets, and so on. Their purpose is to improve the experience of using the website, as these archives make it possible for the website to remember information about the user\u2019s visits, such [&hellip;]<\/p>\n","protected":false},"author":1,"featured_media":0,"parent":0,"menu_order":0,"comment_status":"closed","ping_status":"closed","template":"","meta":{"_acf_changed":false,"footnotes":""},"class_list":["post-628","page","type-page","status-publish","hentry"],"acf":[],"yoast_head":"<!-- This site is optimized with the Yoast SEO plugin v27.3 - https:\/\/yoast.com\/product\/yoast-seo-wordpress\/ -->\n<title>Legal note \u00b7 CATALONIA IN VENICE An organism by Lara Fluxa\u0300 curated by Oriol Fontdevila<\/title>\n<meta name=\"robots\" content=\"index, follow, max-snippet:-1, max-image-preview:large, max-video-preview:-1\" \/>\n<link rel=\"canonical\" href=\"https:\/\/llim.llull.cat\/notes-legals\/\" \/>\n<meta property=\"og:locale\" content=\"en_US\" \/>\n<meta property=\"og:type\" content=\"article\" \/>\n<meta property=\"og:title\" content=\"Legal note \u00b7 CATALONIA IN VENICE An organism by Lara Fluxa\u0300 curated by Oriol Fontdevila\" \/>\n<meta property=\"og:description\" content=\"ABOUT COOKIES Cookies are small pieces of data that websites send to browsers and which are stored in users\u2019 devices: computers, mobile telephones, tablets, and so on. Their purpose is to improve the experience of using the website, as these archives make it possible for the website to remember information about the user\u2019s visits, such [&hellip;]\" \/>\n<meta property=\"og:url\" content=\"https:\/\/llim.llull.cat\/notes-legals\/\" \/>\n<meta property=\"og:site_name\" content=\"Llim\" \/>\n<meta property=\"og:image\" content=\"https:\/\/llim.llull.cat\/wp-content\/uploads\/Llim-coming-soon-desktop.jpg\" \/>\n\t<meta property=\"og:image:width\" content=\"2000\" \/>\n\t<meta property=\"og:image:height\" content=\"1200\" \/>\n\t<meta property=\"og:image:type\" content=\"image\/jpeg\" \/>\n<meta name=\"twitter:card\" content=\"summary_large_image\" \/>\n<meta name=\"twitter:label1\" content=\"Est. reading time\" \/>\n\t<meta name=\"twitter:data1\" content=\"4 minutes\" \/>\n<script type=\"application\/ld+json\" class=\"yoast-schema-graph\">{\"@context\":\"https:\\\/\\\/schema.org\",\"@graph\":[{\"@type\":\"WebPage\",\"@id\":\"https:\\\/\\\/llim.llull.cat\\\/notes-legals\\\/\",\"url\":\"https:\\\/\\\/llim.llull.cat\\\/notes-legals\\\/\",\"name\":\"Legal note \u00b7 CATALONIA IN VENICE An organism by Lara Fluxa\u0300 curated by Oriol Fontdevila\",\"isPartOf\":{\"@id\":\"https:\\\/\\\/llim.llull.cat\\\/#website\"},\"datePublished\":\"2022-04-19T22:38:01+00:00\",\"breadcrumb\":{\"@id\":\"https:\\\/\\\/llim.llull.cat\\\/notes-legals\\\/#breadcrumb\"},\"inLanguage\":\"en-US\",\"potentialAction\":[{\"@type\":\"ReadAction\",\"target\":[\"https:\\\/\\\/llim.llull.cat\\\/notes-legals\\\/\"]}]},{\"@type\":\"BreadcrumbList\",\"@id\":\"https:\\\/\\\/llim.llull.cat\\\/notes-legals\\\/#breadcrumb\",\"itemListElement\":[{\"@type\":\"ListItem\",\"position\":1,\"name\":\"Home\",\"item\":\"https:\\\/\\\/llim.llull.cat\\\/\"},{\"@type\":\"ListItem\",\"position\":2,\"name\":\"Legal note\"}]},{\"@type\":\"WebSite\",\"@id\":\"https:\\\/\\\/llim.llull.cat\\\/#website\",\"url\":\"https:\\\/\\\/llim.llull.cat\\\/\",\"name\":\"Llim\",\"description\":\"CATALONIA IN VENICE An organism by Lara Fluxa\u0300 curated by Oriol Fontdevila\",\"publisher\":{\"@id\":\"https:\\\/\\\/llim.llull.cat\\\/#organization\"},\"potentialAction\":[{\"@type\":\"SearchAction\",\"target\":{\"@type\":\"EntryPoint\",\"urlTemplate\":\"https:\\\/\\\/llim.llull.cat\\\/?s={search_term_string}\"},\"query-input\":{\"@type\":\"PropertyValueSpecification\",\"valueRequired\":true,\"valueName\":\"search_term_string\"}}],\"inLanguage\":\"en-US\"},{\"@type\":\"Organization\",\"@id\":\"https:\\\/\\\/llim.llull.cat\\\/#organization\",\"name\":\"Institut Ramon Llull\",\"url\":\"https:\\\/\\\/llim.llull.cat\\\/\",\"logo\":{\"@type\":\"ImageObject\",\"inLanguage\":\"en-US\",\"@id\":\"https:\\\/\\\/llim.llull.cat\\\/#\\\/schema\\\/logo\\\/image\\\/\",\"url\":\"https:\\\/\\\/llim.llull.cat\\\/wp-content\\\/uploads\\\/Llim-coming-soon-desktop.jpg\",\"contentUrl\":\"https:\\\/\\\/llim.llull.cat\\\/wp-content\\\/uploads\\\/Llim-coming-soon-desktop.jpg\",\"width\":2000,\"height\":1200,\"caption\":\"Institut Ramon Llull\"},\"image\":{\"@id\":\"https:\\\/\\\/llim.llull.cat\\\/#\\\/schema\\\/logo\\\/image\\\/\"}}]}<\/script>\n<!-- \/ Yoast SEO plugin. -->","yoast_head_json":{"title":"Legal note \u00b7 CATALONIA IN VENICE An organism by Lara Fluxa\u0300 curated by Oriol Fontdevila","robots":{"index":"index","follow":"follow","max-snippet":"max-snippet:-1","max-image-preview":"max-image-preview:large","max-video-preview":"max-video-preview:-1"},"canonical":"https:\/\/llim.llull.cat\/notes-legals\/","og_locale":"en_US","og_type":"article","og_title":"Legal note \u00b7 CATALONIA IN VENICE An organism by Lara Fluxa\u0300 curated by Oriol Fontdevila","og_description":"ABOUT COOKIES Cookies are small pieces of data that websites send to browsers and which are stored in users\u2019 devices: computers, mobile telephones, tablets, and so on. Their purpose is to improve the experience of using the website, as these archives make it possible for the website to remember information about the user\u2019s visits, such [&hellip;]","og_url":"https:\/\/llim.llull.cat\/notes-legals\/","og_site_name":"Llim","og_image":[{"width":2000,"height":1200,"url":"https:\/\/llim.llull.cat\/wp-content\/uploads\/Llim-coming-soon-desktop.jpg","type":"image\/jpeg"}],"twitter_card":"summary_large_image","twitter_misc":{"Est. reading time":"4 minutes"},"schema":{"@context":"https:\/\/schema.org","@graph":[{"@type":"WebPage","@id":"https:\/\/llim.llull.cat\/notes-legals\/","url":"https:\/\/llim.llull.cat\/notes-legals\/","name":"Legal note \u00b7 CATALONIA IN VENICE An organism by Lara Fluxa\u0300 curated by Oriol Fontdevila","isPartOf":{"@id":"https:\/\/llim.llull.cat\/#website"},"datePublished":"2022-04-19T22:38:01+00:00","breadcrumb":{"@id":"https:\/\/llim.llull.cat\/notes-legals\/#breadcrumb"},"inLanguage":"en-US","potentialAction":[{"@type":"ReadAction","target":["https:\/\/llim.llull.cat\/notes-legals\/"]}]},{"@type":"BreadcrumbList","@id":"https:\/\/llim.llull.cat\/notes-legals\/#breadcrumb","itemListElement":[{"@type":"ListItem","position":1,"name":"Home","item":"https:\/\/llim.llull.cat\/"},{"@type":"ListItem","position":2,"name":"Legal note"}]},{"@type":"WebSite","@id":"https:\/\/llim.llull.cat\/#website","url":"https:\/\/llim.llull.cat\/","name":"Llim","description":"CATALONIA IN VENICE An organism by Lara Fluxa\u0300 curated by Oriol Fontdevila","publisher":{"@id":"https:\/\/llim.llull.cat\/#organization"},"potentialAction":[{"@type":"SearchAction","target":{"@type":"EntryPoint","urlTemplate":"https:\/\/llim.llull.cat\/?s={search_term_string}"},"query-input":{"@type":"PropertyValueSpecification","valueRequired":true,"valueName":"search_term_string"}}],"inLanguage":"en-US"},{"@type":"Organization","@id":"https:\/\/llim.llull.cat\/#organization","name":"Institut Ramon Llull","url":"https:\/\/llim.llull.cat\/","logo":{"@type":"ImageObject","inLanguage":"en-US","@id":"https:\/\/llim.llull.cat\/#\/schema\/logo\/image\/","url":"https:\/\/llim.llull.cat\/wp-content\/uploads\/Llim-coming-soon-desktop.jpg","contentUrl":"https:\/\/llim.llull.cat\/wp-content\/uploads\/Llim-coming-soon-desktop.jpg","width":2000,"height":1200,"caption":"Institut Ramon Llull"},"image":{"@id":"https:\/\/llim.llull.cat\/#\/schema\/logo\/image\/"}}]}},"_links":{"self":[{"href":"https:\/\/llim.llull.cat\/en\/wp-json\/wp\/v2\/pages\/628","targetHints":{"allow":["GET"]}}],"collection":[{"href":"https:\/\/llim.llull.cat\/en\/wp-json\/wp\/v2\/pages"}],"about":[{"href":"https:\/\/llim.llull.cat\/en\/wp-json\/wp\/v2\/types\/page"}],"author":[{"embeddable":true,"href":"https:\/\/llim.llull.cat\/en\/wp-json\/wp\/v2\/users\/1"}],"replies":[{"embeddable":true,"href":"https:\/\/llim.llull.cat\/en\/wp-json\/wp\/v2\/comments?post=628"}],"version-history":[{"count":1,"href":"https:\/\/llim.llull.cat\/en\/wp-json\/wp\/v2\/pages\/628\/revisions"}],"predecessor-version":[{"id":629,"href":"https:\/\/llim.llull.cat\/en\/wp-json\/wp\/v2\/pages\/628\/revisions\/629"}],"wp:attachment":[{"href":"https:\/\/llim.llull.cat\/en\/wp-json\/wp\/v2\/media?parent=628"}],"curies":[{"name":"wp","href":"https:\/\/api.w.org\/{rel}","templated":true}]}}